{"id":350,"date":"2018-06-01T12:48:38","date_gmt":"2018-06-01T11:48:38","guid":{"rendered":"http:\/\/www.tobiasmatzner.de\/?page_id=350"},"modified":"2018-06-04T11:20:37","modified_gmt":"2018-06-04T10:20:37","slug":"datenschutzerklaerung","status":"publish","type":"page","link":"https:\/\/www.tobiasmatzner.de\/?page_id=350","title":{"rendered":"Datenschutzerkl\u00e4rung"},"content":{"rendered":"<h2>Wer wir sind<\/h2>\n<p>Die Adresse unserer Website ist: https:\/\/www.tobiasmatzner.de.<\/p>\n<p>Sie erreichen mich unter<\/p>\n<p>E-Mail: <span id=\"4ccad4310d2920ad509e24fb0f3d94f0\"><\/span><script type=\"text\/javascript\">\r\n                    var t=[203,-143,240,-208,312,-198,299,-197,258,-224,333,-236,341,-233,349,-238,296,-258,293,-244,293,-239,298,-260,295,-246,295,-246,305,-267,302,-245,301,-242,280,-245,294,-246,299,-240,278,-243,300,-245,304,-266,301,-252,301,-248,307,-269,304,-252,306,-247,285,-250,299,-251,308,-249,287,-252,309,-254,313,-275,310,-261,310,-256,315,-277,312,-263,313,-263,322,-284,319,-270,319,-271,330,-292,327,-278,326,-277,336,-298,333,-284,333,-281,340,-302,337,-283,335,-276,314,-279,328,-279,334,-275,313,-278,327,-278,326,-267,305,-270,319,-271,324,-265,303,-268,320,-267,326,-288,323,-274,323,-273,332,-294,329,-272,327,-268,306,-271,320,-272,320,-261,299,-264,313,-265,314,-255,293,-258,307,-258,310,-251,289,-254,311,-255,314,-276,311,-262,311,-262,321,-283,318,-269,318,-266,325,-287,322,-273,322,-274,333,-295,330,-278,332,-273,311,-276,325,-277,325,-266,304,-269,318,-270,319,-260,294,-232,348,-237,335,-230,327,-212,258,-149,246,-130,252,-142,243,-129,193,-76,186,-81,126,-14,111,-11,112,2,96,15,99,11,35,65,36,24,23,74,-12];\r\n                    var toAppend = '';\r\n                    for (var i=1; i<t.length; i++)\r\n                    {\r\n                    \ttoAppend+=String.fromCharCode(t[i]+t[i-1]);\r\n                    }\r\n                    document.getElementById('4ccad4310d2920ad509e24fb0f3d94f0').innerHTML = toAppend;\r\n                <\/script><noscript>Please enable JavaScript to see this field.<\/noscript><\/p>\n<p>Tobias Matzner<br \/>\nUniversit\u00e4t Paderborn<br \/>\nInstitut f\u00fcr Medienwissenschaften<br \/>\nWarburger Str. 100<br \/>\n33098 Paderborn<br \/>\nGermany<\/p>\n<h2>Welche personenbezogenen Daten wir sammeln und warum wir sie sammeln<\/h2>\n<p>Beim Besuch unserer Website oder beim Abrufen der Feeds werden Daten an den Server unserer Website gesendet. Diese Daten k\u00f6nnen folgendes beinhalten: Ihre IP-Adresse, Datum und Uhrzeit des Zugriffs, die URL der aufgerufenen Seiten, Referrer, den verwendeten Browser bzw. Feed-Reader inklusive Versionsnummer und Spracheinstellungen, das verwendete Betriebssystem inklusive Versionsnummer und Spracheinstellungen, auf Ihrem Endger\u00e4t installierte Schriftarten, die Aufl\u00f6sung Ihres Bildschirms. Die genannten Daten werden gem\u00e4\u00df Art. 6 DSGVO durch uns mit dem berechtigen Interesse verarbeitet, Ihnen die Website anzubieten und diese zu administieren. Diese Informationen werden nur tempor\u00e4r zur Darstellung der Seite oder zur \u00dcbermittlung des Feeds verarbeitet und nicht dauerhaft gespeichert. Logfiles erstellen wir nicht. Die Seite wird im Rahmen einer Auftragsdatenverarbeitung von der Kontent GmbH in Duisburg gehostet. Dort k\u00f6nnen die Daten im Rahmen der \u00fcblichen Prozesse zum Betrieb des Rechenzentrums und der Webserver in Logdateien gespeichert werden (siehe unten: Mit wem wir Ihre Daten teilen.)<\/p>\n<p><em>Die nachfolgenden Informationen zu Cookies betreffen nur Personen, die an der Administration der Seite beteiligt sind. Bei allen anderen Nutzungsformen der Seite werden keine Cookies verwendet.<\/em><\/p>\n<p>Falls Sie ein Konto haben und sich auf dieser Website anmelden, werden wir ein tempor\u00e4res Cookie setzen, um festzustellen, ob Ihr Browser Cookies akzeptiert. Dieses Cookie enth\u00e4lt keine personenbezogenen Daten und wird verworfen, wenn der Browser geschlossen wird.<\/p>\n<p>Wenn Sie sich anmelden, werden wir einige Cookies einrichten, um Anmeldeinformationen und Anzeigeoptionen zu speichern. Anmelde-Cookies verfallen nach zwei Tagen und Cookies f\u00fcr die Anzeigeoptionen nach einem Jahr. Falls Sie bei der Anmeldung \u201eAngemeldet bleiben\u201c ausw\u00e4hlen, wird die Anmeldung zwei Wochen lang aufrechterhalten. Mit der Abmeldung aus Ihrem Konto werden die Anmelde-Cookies gel\u00f6scht.<\/p>\n<p>Wenn Sie einen Artikel bearbeiten oder ver\u00f6ffentlichen, wird ein zus\u00e4tzlicher Cookie in Ihrem Browser gespeichert. Dieser Cookie enth\u00e4lt keine personenbezogenen Daten und verweist nur auf die Beitrags-ID des Artikels, den Sie gerade bearbeitet haben. Der Cookie verf\u00e4llt nach einem Tag.<\/p>\n<p>Diese Daten werden gem\u00e4\u00df Art. 6 DSGVO verarbeitet um unser berechtiges Interesse an die Administration der Seite zu erm\u00f6glichen.<\/p>\n<h2>Mit wem wir Ihre Daten teilen<\/h2>\n<p>Diese Website wird im Rahmen einer Auftragsdatenverabeitung nach Art 28 DSGVO bei der Kontent GmbH in Duisburg gehostet.<\/p>\n<p>Die Kontent GmbH unternimmt aufw\u00e4ndige technische und organisatorische Ma\u00dfnahmen um die Sicherheit der verarbeiteten Daten zu gew\u00e4hrleisten. Diese Ma\u00dfnahmen finden sie <a href=\"https:\/\/www.kontent.com\/information\/agb\/-16971264ce5b766b64dba3c7f8c0b498\/#%C2%A724.%20Zusaetzliche%20Vertragsbedingungen%20zur%20Auftragsverarbeitung%20Auftragsdatenverarbeitung%20AVVertrag%20ADVVertrag\">hier<\/a>.<\/p>\n<p>Ansonsten geben wir Ihre pers\u00f6nlichen Daten gem\u00e4\u00df Art. 6 DSGVO nur an Dritte weiter, wenn sie Ihre ausdr\u00fcckliche Einwilligung dazu erteilt haben oder wenn wir zur Weitergabe gesetzlich verpflichtet sind.<\/p>\n<h2>Wie lange wir Ihre Daten speichern<\/h2>\n<p>Beim normalen Besuch der Seite und beim Abrufen der Feeds werden keine Daten dauerhaft gespeichert.<\/p>\n<p>F\u00fcr Benutzer, die sich auf unserer Website registrieren (das betrifft nur Nutzer, die an der Administration der Seite beteiligt sind), speichern wir zus\u00e4tzlich die pers\u00f6nlichen Informationen, die sie in ihren Benutzerprofilen angeben. Alle Benutzer k\u00f6nnen jederzeit ihre pers\u00f6nlichen Informationen einsehen, ver\u00e4ndern oder l\u00f6schen (der Benutzername kann nicht ver\u00e4ndert werden). Administratoren der Website k\u00f6nnen diese Informationen ebenfalls einsehen und ver\u00e4ndern.<\/p>\n<h2>Welche Rechte Sie an Ihren Daten haben<\/h2>\n<p>Sie k\u00f6nnen nach Art. 15 DSGVO Auskunft \u00fcber die von uns verarbeiteten Daten verlangen, nach Art. 16 DSGVO die Berichtigung dieser Daten anfordern, nach Art. 18 DSGVO die Einschr\u00e4nkung der Datenverarbeitung verlangen und nach Art. 20 DSGVO einen Export Ihrer personenbezogenen Daten bei uns anfordern. Dar\u00fcber hinaus k\u00f6nnen Sie nach Art. 17 DSGVO die L\u00f6schung aller personenbezogenen Daten, die wir von Ihnen gespeichert haben, anfordern. Dies umfasst nicht die Daten, die wir aufgrund administrativer, rechtlicher oder sicherheitsrelevanter Notwendigkeiten aufbewahren m\u00fcssen. Sie haben das Recht gem\u00e4\u00df Art. 21 DSGVO Widerpsruch gegen die Verarbeitung Ihrer personenbezogenen Daten einzulegen.<\/p>\n<p>F\u00fcr die Wahrnehmung dieser Rechte kontaktieren Sie uns unter oben genannter Adresse.<\/p>\n","protected":false},"excerpt":{"rendered":"<p>Wer wir sind Die Adresse unserer Website ist: https:\/\/www.tobiasmatzner.de. Sie erreichen mich unter E-Mail: Tobias Matzner Universit\u00e4t Paderborn Institut f\u00fcr Medienwissenschaften Warburger Str. 100 33098 Paderborn Germany Welche personenbezogenen Daten wir sammeln und warum wir sie sammeln Beim Besuch unserer &hellip; <a href=\"https:\/\/www.tobiasmatzner.de\/?page_id=350\">Continue reading <span class=\"meta-nav\">&rarr;<\/span><\/a><\/p>\n","protected":false},"author":1,"featured_media":0,"parent":0,"menu_order":0,"comment_status":"closed","ping_status":"closed","template":"","meta":{"footnotes":""},"class_list":["post-350","page","type-page","status-publish","hentry"],"_links":{"self":[{"href":"https:\/\/www.tobiasmatzner.de\/index.php?rest_route=\/wp\/v2\/pages\/350","targetHints":{"allow":["GET"]}}],"collection":[{"href":"https:\/\/www.tobiasmatzner.de\/index.php?rest_route=\/wp\/v2\/pages"}],"about":[{"href":"https:\/\/www.tobiasmatzner.de\/index.php?rest_route=\/wp\/v2\/types\/page"}],"author":[{"embeddable":true,"href":"https:\/\/www.tobiasmatzner.de\/index.php?rest_route=\/wp\/v2\/users\/1"}],"replies":[{"embeddable":true,"href":"https:\/\/www.tobiasmatzner.de\/index.php?rest_route=%2Fwp%2Fv2%2Fcomments&post=350"}],"version-history":[{"count":13,"href":"https:\/\/www.tobiasmatzner.de\/index.php?rest_route=\/wp\/v2\/pages\/350\/revisions"}],"predecessor-version":[{"id":364,"href":"https:\/\/www.tobiasmatzner.de\/index.php?rest_route=\/wp\/v2\/pages\/350\/revisions\/364"}],"wp:attachment":[{"href":"https:\/\/www.tobiasmatzner.de\/index.php?rest_route=%2Fwp%2Fv2%2Fmedia&parent=350"}],"curies":[{"name":"wp","href":"https:\/\/api.w.org\/{rel}","templated":true}]}}